{"id":1197,"date":"2020-07-21T20:26:10","date_gmt":"2020-07-21T20:26:10","guid":{"rendered":"https:\/\/barakatur.com\/?page_id=1197"},"modified":"2020-08-14T11:39:36","modified_gmt":"2020-08-14T11:39:36","slug":"anasayfa-english","status":"publish","type":"page","link":"https:\/\/barakatur.com\/","title":{"rendered":"HOME PAGE"},"content":{"rendered":"<p>[vc_row][vc_column]\n\t\t\t<!-- START Slider 1 1 REVOLUTION SLIDER 6.1.8 --><p class=\"rs-p-wp-fix\"><\/p>\n\t\t\t<rs-module-wrap id=\"rev_slider_4_1_wrapper\" data-source=\"gallery\" style=\"background:transparent;padding:0;\">\n\t\t\t\t<rs-module id=\"rev_slider_4_1\" style=\"display:none;\" data-version=\"6.1.8\">\n\t\t\t\t\t<rs-slides>\n\t\t\t\t\t\t<rs-slide data-key=\"rs-4\" data-title=\"Slide\" data-anim=\"ei:d;eo:d;s:1000;r:0;t:fade;sl:0;\">\n\t\t\t\t\t\t\t<img decoding=\"async\" src=\"\/\/barakatur.com\/wp-content\/plugins\/revslider\/public\/assets\/assets\/transparent.png\" title=\"HOME PAGE\" class=\"rev-slidebg\" data-no-retina>\n\t\t\t\t\t\t\t<rs-bgvideo \n\t\t\t\t\t\t\t\tdata-video=\"vc:none;w:100%;h:100%;nse:false;l:true;ptimer:false;\"\n\t\t\t\t\t\t\t\tdata-ytid=\"ZZOQIsWL4ok\"\n\t\t\t\t\t\t\t\tdata-vatr=\"version=3&amp;enablejsapi=1&amp;html5=1&amp;hd=1&amp;wmode=opaque&amp;showinfo=0&amp;rel=0&amp;origin=https:\/\/barakatur.com;\"\n\t\t\t\t\t\t\t><\/rs-bgvideo>\n<!--\n\t\t\t\t\t\t\t--><rs-layer\n\t\t\t\t\t\t\t\tid=\"slider-4-slide-4-layer-0\" \n\t\t\t\t\t\t\t\tdata-type=\"text\"\n\t\t\t\t\t\t\t\tdata-color=\"#ffffff\"\n\t\t\t\t\t\t\t\tdata-rsp_ch=\"on\"\n\t\t\t\t\t\t\t\tdata-xy=\"x:416px;y:389px;\"\n\t\t\t\t\t\t\t\tdata-text=\"w:normal;s:30;l:38;\"\n\t\t\t\t\t\t\t\tdata-frame_999=\"o:0;st:w;\"\n\t\t\t\t\t\t\t\tstyle=\"z-index:5;font-family:Roboto;\"\n\t\t\t\t\t\t\t>Again To See The Colors of Turkey \n\t\t\t\t\t\t\t<\/rs-layer><!--\n\n\t\t\t\t\t\t\t--><rs-layer\n\t\t\t\t\t\t\t\tid=\"slider-4-slide-4-layer-1\" \n\t\t\t\t\t\t\t\tdata-type=\"text\"\n\t\t\t\t\t\t\t\tdata-color=\"#ffffff\"\n\t\t\t\t\t\t\t\tdata-rsp_ch=\"on\"\n\t\t\t\t\t\t\t\tdata-xy=\"x:286px;y:429px;\"\n\t\t\t\t\t\t\t\tdata-text=\"w:normal;s:50;l:50;fw:700;\"\n\t\t\t\t\t\t\t\tdata-dim=\"w:703px;h:121px;\"\n\t\t\t\t\t\t\t\tdata-frame_999=\"o:0;st:w;\"\n\t\t\t\t\t\t\t\tstyle=\"z-index:6;font-family:Roboto;\"\n\t\t\t\t\t\t\t>Misk Baraka is waiting for you \n\t\t\t\t\t\t\t<\/rs-layer><!--\n\n\t\t\t\t\t\t\t--><a\n\t\t\t\t\t\t\t\tid=\"slider-4-slide-4-layer-3\" \n\t\t\t\t\t\t\t\tclass=\"rs-layer rev-btn\"\n\t\t\t\t\t\t\t\thref=\"https:\/\/barakatur.com\/?page_id=1291&lang=en\" target=\"_self\" rel=\"nofollow\"\n\t\t\t\t\t\t\t\tdata-type=\"button\"\n\t\t\t\t\t\t\t\tdata-color=\"#ffffff\"\n\t\t\t\t\t\t\t\tdata-rsp_ch=\"on\"\n\t\t\t\t\t\t\t\tdata-xy=\"x:551px;y:500px;\"\n\t\t\t\t\t\t\t\tdata-text=\"w:normal;s:17;l:40;fw:500;\"\n\t\t\t\t\t\t\t\tdata-dim=\"minh:0px;\"\n\t\t\t\t\t\t\t\tdata-padding=\"r:25;l:25;\"\n\t\t\t\t\t\t\t\tdata-border=\"bor:25px,25px,25px,25px;\"\n\t\t\t\t\t\t\t\tdata-frame_999=\"o:0;st:w;\"\n\t\t\t\t\t\t\t\tdata-frame_hover=\"bgc:#007aff;bor:25px,25px,25px,25px;bri:120%;\"\n\t\t\t\t\t\t\t\tstyle=\"z-index:7;background-color:#e8a217;font-family:Roboto;\"\n\t\t\t\t\t\t\t>TOURS L\u0130ST \n\t\t\t\t\t\t\t<\/a><!--\n-->\t\t\t\t\t\t<\/rs-slide>\n\t\t\t\t\t<\/rs-slides>\n\t\t\t\t\t<rs-progress class=\"rs-bottom\" style=\"visibility: hidden !important;\"><\/rs-progress>\n\t\t\t\t<\/rs-module>\n\t\t\t\t<script type=\"text\/javascript\">\n\t\t\t\t\tsetREVStartSize({c: 'rev_slider_4_1',rl:[1240,1024,778,480],el:[900],gw:[1240],gh:[900],type:'hero',justify:'',layout:'fullscreen',offsetContainer:'',offset:'',mh:\"0\"});\n\t\t\t\t\tvar\trevapi4,\n\t\t\t\t\t\ttpj;\n\t\t\t\t\tjQuery(function() {\n\t\t\t\t\t\ttpj = jQuery;\n\t\t\t\t\t\tif(tpj(\"#rev_slider_4_1\").revolution == undefined){\n\t\t\t\t\t\t\trevslider_showDoubleJqueryError(\"#rev_slider_4_1\");\n\t\t\t\t\t\t}else{\n\t\t\t\t\t\t\trevapi4 = tpj(\"#rev_slider_4_1\").show().revolution({\n\t\t\t\t\t\t\t\tsliderType:\"hero\",\n\t\t\t\t\t\t\t\tjsFileLocation:\"\/\/barakatur.com\/wp-content\/plugins\/revslider\/public\/assets\/js\/\",\n\t\t\t\t\t\t\t\tsliderLayout:\"fullscreen\",\n\t\t\t\t\t\t\t\tvisibilityLevels:\"1240,1024,778,480\",\n\t\t\t\t\t\t\t\tgridwidth:1240,\n\t\t\t\t\t\t\t\tgridheight:900,\n\t\t\t\t\t\t\t\tspinner:\"spinner0\",\n\t\t\t\t\t\t\t\teditorheight:\"900,768,960,720\",\n\t\t\t\t\t\t\t\tresponsiveLevels:\"1240,1024,778,480\",\n\t\t\t\t\t\t\t\tdisableProgressBar:\"on\",\n\t\t\t\t\t\t\t\tnavigation: {\n\t\t\t\t\t\t\t\t\tonHoverStop:false\n\t\t\t\t\t\t\t\t},\n\t\t\t\t\t\t\t\tfallbacks: {\n\t\t\t\t\t\t\t\t\tallowHTML5AutoPlayOnAndroid:true\n\t\t\t\t\t\t\t\t},\n\t\t\t\t\t\t\t});\n\t\t\t\t\t\t}\n\t\t\t\t\t\t\n\t\t\t\t\t});\n\t\t\t\t<\/script>\n\t\t\t<\/rs-module-wrap>\n\t\t\t<!-- END REVOLUTION SLIDER -->\n[\/vc_column][\/vc_row][vc_row full_width=&#8221;stretch_row&#8221;][vc_column][vc_empty_space][vc_tta_pageable][vc_tta_section title=&#8221;Section 1&#8243; tab_id=&#8221;1595364551466-36e7ca6d-527c&#8221;]<div class=\"shortcode_title shortcode-title-style_1\"><h3 class=\"title_primary\">WHY CHOOSE US?<\/h3><span class=\"line_after_title\"><\/span><\/div>[vc_row_inner][vc_column_inner width=&#8221;1\/4&#8243;]<div class=\"widget-icon-box widget-icon-box-base iconbox-center\"><div class=\"boxes-icon \" style=\"font-size:30px;width:80px; height:80px;line-height:80px\"><span class=\"inner-icon\"><i class=\"vc_icon_element-icon flaticon-transport-6\"><\/i><\/span><\/div><div class=\"content-inner\" ><div class=\"sc-heading article_heading\"><h4 class=\"heading__primary\">Diverse Destinations<\/h4><\/div><div class=\"desc-icon-box\" ><div>Lorem ipsum dolor sit amet, consectetur adipisicing elit, sed do eiusmod.<\/div><\/div><\/div><\/div>[\/vc_column_inner][vc_column_inner width=&#8221;1\/4&#8243;]<div class=\"widget-icon-box widget-icon-box-base iconbox-center\"><div class=\"boxes-icon \" style=\"font-size:30px;width:80px; height:80px;line-height:80px\"><span class=\"inner-icon\"><i class=\"vc_icon_element-icon flaticon-sand\"><\/i><\/span><\/div><div class=\"content-inner\" ><div class=\"sc-heading article_heading\"><h4 class=\"heading__primary\">Value for Money<\/h4><\/div><div class=\"desc-icon-box\" ><div>Lorem ipsum dolor sit amet, consectetur adipisicing elit, sed do eiusmod.<\/div><\/div><\/div><\/div>[\/vc_column_inner][vc_column_inner width=&#8221;1\/4&#8243;]<div class=\"widget-icon-box widget-icon-box-base iconbox-center\"><div class=\"boxes-icon \" style=\"font-size:30px;width:80px; height:80px;line-height:80px\"><span class=\"inner-icon\"><i class=\"vc_icon_element-icon flaticon-transport-2\"><\/i><\/span><\/div><div class=\"content-inner\" ><div class=\"sc-heading article_heading\"><h4 class=\"heading__primary\">Beautiful Places<\/h4><\/div><div class=\"desc-icon-box\" ><div>Lorem ipsum dolor sit amet, consectetur adipisicing elit, sed do eiusmod.<\/div><\/div><\/div><\/div>[\/vc_column_inner][vc_column_inner width=&#8221;1\/4&#8243;]<div class=\"widget-icon-box widget-icon-box-base iconbox-center\"><div class=\"boxes-icon \" style=\"font-size:30px;width:80px; height:80px;line-height:80px\"><span class=\"inner-icon\"><i class=\"vc_icon_element-icon flaticon-travelling\"><\/i><\/span><\/div><div class=\"content-inner\" ><div class=\"sc-heading article_heading\"><h4 class=\"heading__primary\">Passionate Travel<\/h4><\/div><div class=\"desc-icon-box\" ><div>Lorem ipsum dolor sit amet, consectetur adipisicing elit, sed do eiusmod.<\/div><\/div><\/div><\/div>[\/vc_column_inner][\/vc_row_inner][\/vc_tta_section][vc_tta_section title=&#8221;Section 2&#8243; tab_id=&#8221;1595364551466-a7e5121f-057f&#8221;][\/vc_tta_section][\/vc_tta_pageable][vc_empty_space][\/vc_column][\/vc_row][vc_row full_width=&#8221;stretch_row&#8221; css=&#8221;.vc_custom_1595365260556{background-image: url(https:\/\/barakatur.com\/wp-content\/uploads\/2020\/07\/1229x768_px_General-544159-1.jpg?id=1221) !important;background-position: center !important;background-repeat: no-repeat !important;background-size: cover !important;}&#8221;][vc_column][vc_empty_space height=&#8221;30px&#8221;]<div class=\"shortcode_title shortcode-title-style_1\" style=\"color:#ffffff\"><div class=\"title_subtitle\">Look!<\/div><h3 class=\"title_primary\">NEW TOURS<\/h3><span class=\"line_after_title\" style=\"color:#ffffff\"><\/span><\/div><div class=\"row wrapper-tours-slider\"><div class=\"list_content content_tour_style_1 tours-type-slider\"data-dots=\"true\" data-nav=\"true\" data-responsive='{\"0\":{\"items\":1}, \"480\":{\"items\":2}, \"768\":{\"items\":2}, \"992\":{\"items\":3}, \"1200\":{\"items\":3}}'><div class=\"item-tour\"><div class=\"item_border\">\n\t<div class=\"item_content\">\n\t\t<div class=\"post_images\">\n\t\t\t<a href=\"https:\/\/barakatur.com\/?product=marmaris-tour\" class=\"woocommerce-LoopProduct-link woocommerce-loop-product__link\">\n<img loading=\"lazy\" decoding=\"async\" width=\"430\" height=\"430\" src=\"https:\/\/barakatur.com\/wp-content\/uploads\/2020\/08\/Elite-World-Marmaris-Genel-246510-430x430.jpg\" class=\"attachment-woocommerce_thumbnail size-woocommerce_thumbnail\" alt=\"\" srcset=\"https:\/\/barakatur.com\/wp-content\/uploads\/2020\/08\/Elite-World-Marmaris-Genel-246510-430x430.jpg 430w, https:\/\/barakatur.com\/wp-content\/uploads\/2020\/08\/Elite-World-Marmaris-Genel-246510-1024x1024.jpg 1024w, https:\/\/barakatur.com\/wp-content\/uploads\/2020\/08\/Elite-World-Marmaris-Genel-246510-150x150.jpg 150w, https:\/\/barakatur.com\/wp-content\/uploads\/2020\/08\/Elite-World-Marmaris-Genel-246510-100x100.jpg 100w\" sizes=\"auto, (max-width: 430px) 100vw, 430px\" \/><\/a><div class=\"group-icon\"><\/div>\t\t<\/div>\n\t\t<div class=\"wrapper_content\">\n\t\t\t<div class=\"post_title\"><h4><a href=\"https:\/\/barakatur.com\/?product=marmaris-tour\" rel=\"bookmark\">MARMAR\u0130S TOUR<\/a><\/h4><\/div><div class=\"description\"><p>Marmaris Tour<\/p>\n<\/div>\t\t<\/div>\n\t<\/div>\n\t<div class=\"read_more\">\n\t\t\n<div class=\"item_rating\"><div class=\"star-rating\" title=\"\"><span style=\"width:0\"><\/span><\/div><\/div><a href=\"https:\/\/barakatur.com\/?product=marmaris-tour\" data-quantity=\"1\" class=\"button product_type_simple\" data-product_id=\"1408\" data-product_sku=\"\" aria-label=\"Read more about &ldquo;MARMAR\u0130S TOUR&rdquo;\" rel=\"nofollow\">Read more<\/a>\t<\/div>\n<\/div><\/div><div class=\"item-tour\"><div class=\"item_border\">\n\t<div class=\"item_content\">\n\t\t<div class=\"post_images\">\n\t\t\t<a href=\"https:\/\/barakatur.com\/?product=fame-tour\" class=\"woocommerce-LoopProduct-link woocommerce-loop-product__link\">\n<img loading=\"lazy\" decoding=\"async\" width=\"430\" height=\"430\" src=\"https:\/\/barakatur.com\/wp-content\/uploads\/2020\/08\/Ala\u00e7at\u0131-3-960x640-1-430x430.jpg\" class=\"attachment-woocommerce_thumbnail size-woocommerce_thumbnail\" alt=\"\" srcset=\"https:\/\/barakatur.com\/wp-content\/uploads\/2020\/08\/Ala\u00e7at\u0131-3-960x640-1-430x430.jpg 430w, https:\/\/barakatur.com\/wp-content\/uploads\/2020\/08\/Ala\u00e7at\u0131-3-960x640-1-100x100.jpg 100w, https:\/\/barakatur.com\/wp-content\/uploads\/2020\/08\/Ala\u00e7at\u0131-3-960x640-1-150x150.jpg 150w\" sizes=\"auto, (max-width: 430px) 100vw, 430px\" \/><\/a><div class=\"group-icon\"><\/div>\t\t<\/div>\n\t\t<div class=\"wrapper_content\">\n\t\t\t<div class=\"post_title\"><h4><a href=\"https:\/\/barakatur.com\/?product=fame-tour\" rel=\"bookmark\">FAME TOUR<\/a><\/h4><\/div><div class=\"description\"><p>Perfect Fame Tour<\/p>\n<\/div>\t\t<\/div>\n\t<\/div>\n\t<div class=\"read_more\">\n\t\t\n<div class=\"item_rating\"><div class=\"star-rating\" title=\"\"><span style=\"width:0\"><\/span><\/div><\/div><a href=\"https:\/\/barakatur.com\/?product=fame-tour\" data-quantity=\"1\" class=\"button product_type_simple\" data-product_id=\"1396\" data-product_sku=\"\" aria-label=\"Read more about &ldquo;FAME TOUR&rdquo;\" rel=\"nofollow\">Read more<\/a>\t<\/div>\n<\/div><\/div><div class=\"item-tour\"><div class=\"item_border\">\n\t<div class=\"item_content\">\n\t\t<div class=\"post_images\">\n\t\t\t<a href=\"https:\/\/barakatur.com\/?product=izmir-tour\" class=\"woocommerce-LoopProduct-link woocommerce-loop-product__link\">\n<img loading=\"lazy\" decoding=\"async\" width=\"430\" height=\"430\" src=\"https:\/\/barakatur.com\/wp-content\/uploads\/2016\/11\/637055069968008252RJ-430x430.jpg\" class=\"attachment-woocommerce_thumbnail size-woocommerce_thumbnail\" alt=\"\" srcset=\"https:\/\/barakatur.com\/wp-content\/uploads\/2016\/11\/637055069968008252RJ-430x430.jpg 430w, https:\/\/barakatur.com\/wp-content\/uploads\/2016\/11\/637055069968008252RJ-150x150.jpg 150w, https:\/\/barakatur.com\/wp-content\/uploads\/2016\/11\/637055069968008252RJ-100x100.jpg 100w\" sizes=\"auto, (max-width: 430px) 100vw, 430px\" \/><\/a><div class=\"group-icon\"><\/div>\t\t<\/div>\n\t\t<div class=\"wrapper_content\">\n\t\t\t<div class=\"post_title\"><h4><a href=\"https:\/\/barakatur.com\/?product=izmir-tour\" rel=\"bookmark\">\u0130ZM\u0130R TOUR<\/a><\/h4><\/div><div class=\"description\"><p>\u0130zmir Tour<\/p>\n<\/div>\t\t<\/div>\n\t<\/div>\n\t<div class=\"read_more\">\n\t\t\n<div class=\"item_rating\"><div class=\"star-rating\" title=\"\"><span style=\"width:0\"><\/span><\/div><\/div><a href=\"https:\/\/barakatur.com\/?product=izmir-tour\" data-quantity=\"1\" class=\"button product_type_simple\" data-product_id=\"1238\" data-product_sku=\"\" aria-label=\"Read more about &ldquo;\u0130ZM\u0130R TOUR&rdquo;\" rel=\"nofollow\">Read more<\/a>\t<\/div>\n<\/div><\/div><div class=\"item-tour\"><div class=\"item_border\">\n\t<div class=\"item_content\">\n\t\t<div class=\"post_images\">\n\t\t\t<a href=\"https:\/\/barakatur.com\/?product=kapadokya-tour\" class=\"woocommerce-LoopProduct-link woocommerce-loop-product__link\">\n<img loading=\"lazy\" decoding=\"async\" width=\"430\" height=\"430\" src=\"https:\/\/barakatur.com\/wp-content\/uploads\/2016\/11\/1d451bb87d204e3e7d6ea7f47a4a5e3e-430x430.jpg\" class=\"attachment-woocommerce_thumbnail size-woocommerce_thumbnail\" alt=\"\" srcset=\"https:\/\/barakatur.com\/wp-content\/uploads\/2016\/11\/1d451bb87d204e3e7d6ea7f47a4a5e3e-430x430.jpg 430w, https:\/\/barakatur.com\/wp-content\/uploads\/2016\/11\/1d451bb87d204e3e7d6ea7f47a4a5e3e-1024x1024.jpg 1024w, https:\/\/barakatur.com\/wp-content\/uploads\/2016\/11\/1d451bb87d204e3e7d6ea7f47a4a5e3e-150x150.jpg 150w, https:\/\/barakatur.com\/wp-content\/uploads\/2016\/11\/1d451bb87d204e3e7d6ea7f47a4a5e3e-768x768.jpg 768w, https:\/\/barakatur.com\/wp-content\/uploads\/2016\/11\/1d451bb87d204e3e7d6ea7f47a4a5e3e-820x820.jpg 820w, https:\/\/barakatur.com\/wp-content\/uploads\/2016\/11\/1d451bb87d204e3e7d6ea7f47a4a5e3e-100x100.jpg 100w, https:\/\/barakatur.com\/wp-content\/uploads\/2016\/11\/1d451bb87d204e3e7d6ea7f47a4a5e3e.jpg 1080w\" sizes=\"auto, (max-width: 430px) 100vw, 430px\" \/><\/a><div class=\"group-icon\"><\/div>\t\t<\/div>\n\t\t<div class=\"wrapper_content\">\n\t\t\t<div class=\"post_title\"><h4><a href=\"https:\/\/barakatur.com\/?product=kapadokya-tour\" rel=\"bookmark\">CAPPADOCIA TOUR<\/a><\/h4><\/div><div class=\"description\"><p>Perfect Cappadocia Tour<\/p>\n<\/div>\t\t<\/div>\n\t<\/div>\n\t<div class=\"read_more\">\n\t\t\n<div class=\"item_rating\"><div class=\"star-rating\" title=\"\"><span style=\"width:0\"><\/span><\/div><\/div><a href=\"https:\/\/barakatur.com\/?product=kapadokya-tour\" data-quantity=\"1\" class=\"button product_type_tour_phys\" data-product_id=\"1242\" data-product_sku=\"\" aria-label=\"Read more about &ldquo;CAPPADOCIA TOUR&rdquo;\" rel=\"nofollow\">Read more<\/a>\t<\/div>\n<\/div><\/div><div class=\"item-tour\"><div class=\"item_border\">\n\t<div class=\"item_content\">\n\t\t<div class=\"post_images\">\n\t\t\t<a href=\"https:\/\/barakatur.com\/?product=eskisehir-tour\" class=\"woocommerce-LoopProduct-link woocommerce-loop-product__link\">\n<img loading=\"lazy\" decoding=\"async\" width=\"430\" height=\"430\" src=\"https:\/\/barakatur.com\/wp-content\/uploads\/2020\/07\/WhatsApp-Image-2019-02-01-at-18.20.37-430x430.jpeg\" class=\"attachment-woocommerce_thumbnail size-woocommerce_thumbnail\" alt=\"\" srcset=\"https:\/\/barakatur.com\/wp-content\/uploads\/2020\/07\/WhatsApp-Image-2019-02-01-at-18.20.37-430x430.jpeg 430w, https:\/\/barakatur.com\/wp-content\/uploads\/2020\/07\/WhatsApp-Image-2019-02-01-at-18.20.37-100x100.jpeg 100w, https:\/\/barakatur.com\/wp-content\/uploads\/2020\/07\/WhatsApp-Image-2019-02-01-at-18.20.37-1024x1024.jpeg 1024w, https:\/\/barakatur.com\/wp-content\/uploads\/2020\/07\/WhatsApp-Image-2019-02-01-at-18.20.37-150x150.jpeg 150w\" sizes=\"auto, (max-width: 430px) 100vw, 430px\" \/><\/a><div class=\"group-icon\"><\/div>\t\t<\/div>\n\t\t<div class=\"wrapper_content\">\n\t\t\t<div class=\"post_title\"><h4><a href=\"https:\/\/barakatur.com\/?product=eskisehir-tour\" rel=\"bookmark\">ESK\u0130\u015eEH\u0130R TOUR<\/a><\/h4><\/div><div class=\"description\"><p>Perfect Cappadocia Tour<\/p>\n<\/div>\t\t<\/div>\n\t<\/div>\n\t<div class=\"read_more\">\n\t\t\n<div class=\"item_rating\"><div class=\"star-rating\" title=\"\"><span style=\"width:0\"><\/span><\/div><\/div><a href=\"https:\/\/barakatur.com\/?product=eskisehir-tour\" data-quantity=\"1\" class=\"button product_type_simple\" data-product_id=\"1226\" data-product_sku=\"\" aria-label=\"Read more about &ldquo;ESK\u0130\u015eEH\u0130R TOUR&rdquo;\" rel=\"nofollow\">Read more<\/a>\t<\/div>\n<\/div><\/div><\/div><\/div>[vc_empty_space height=&#8221;60px&#8221;][\/vc_column][\/vc_row][vc_row][vc_column]<div class=\"shortcode_title shortcode-title-style_1\"><div class=\"title_subtitle\">Study Cities<\/div><h3 class=\"title_primary\">TOUR TRAVEL DEST\u0130NAT\u0130ONS<\/h3><span class=\"line_after_title\"><\/span><\/div><div class=\"row wrapper-tours-slider wrapper-tours-type-slider\">\n\t\t\t\t\t<div class=\"tours-type-slider\" data-dots=\"true\" data-nav=\"true\" data-responsive='{\"0\":{\"items\":1}, \"480\":{\"items\":2}, \"768\":{\"items\":3}, \"992\":{\"items\":4}, \"1200\":{\"items\":5}}'><div class=\"tours_type_item\">\n\t\t\t\t\t\t<a href=\"https:\/\/barakatur.com\/?pa_sehirler=aksaray\" title=\"AKSARAY\" class=\"tours-type__item__image\">\n\t\t\t\t\t\t\t<img decoding=\"async\" src=\"https:\/\/barakatur.com\/wp-content\/uploads\/2020\/07\/WhatsApp-Image-2019-01-03-at-10.03.13-1-370x370.jpeg\" alt=\"AKSARAY\">\n\t\t\t\t\t\t<\/a>\n\t\t\t\t\t\t<div class=\"content-item\" style=\"color:#\">\n\t\t\t\t\t\t<div class=\"item__title\">AKSARAY<\/div>\n\t\t\t\t\t\t\n\t\t\t\t\t\t<\/div>\n\t\t\t\t\t<\/div> <div class=\"tours_type_item\">\n\t\t\t\t\t\t<a href=\"https:\/\/barakatur.com\/?pa_sehirler=aydin\" title=\"AYDIN\" class=\"tours-type__item__image\">\n\t\t\t\t\t\t\t<img decoding=\"async\" src=\"https:\/\/barakatur.com\/wp-content\/uploads\/2020\/07\/WhatsApp-Image-2018-11-04-at-20.43.49-2-370x370.jpeg\" alt=\"AYDIN\">\n\t\t\t\t\t\t<\/a>\n\t\t\t\t\t\t<div class=\"content-item\" style=\"color:#\">\n\t\t\t\t\t\t<div class=\"item__title\">AYDIN<\/div>\n\t\t\t\t\t\t\n\t\t\t\t\t\t<\/div>\n\t\t\t\t\t<\/div> <div class=\"tours_type_item\">\n\t\t\t\t\t\t<a href=\"https:\/\/barakatur.com\/?pa_sehirler=bodrum\" title=\"BODRUM\" class=\"tours-type__item__image\">\n\t\t\t\t\t\t\t<img decoding=\"async\" src=\"https:\/\/barakatur.com\/wp-content\/uploads\/2020\/07\/WhatsApp-Image-2018-11-04-at-20.43.50-1-370x370.jpeg\" alt=\"BODRUM\">\n\t\t\t\t\t\t<\/a>\n\t\t\t\t\t\t<div class=\"content-item\" style=\"color:#\">\n\t\t\t\t\t\t<div class=\"item__title\">BODRUM<\/div>\n\t\t\t\t\t\t\n\t\t\t\t\t\t<\/div>\n\t\t\t\t\t<\/div> <div class=\"tours_type_item\">\n\t\t\t\t\t\t<a href=\"https:\/\/barakatur.com\/?pa_sehirler=izmir\" title=\"\u0130ZM\u0130R\" class=\"tours-type__item__image\">\n\t\t\t\t\t\t\t<img decoding=\"async\" src=\"https:\/\/barakatur.com\/wp-content\/uploads\/2020\/07\/WhatsApp-Image-2019-02-01-at-18.21.26-1-370x370.jpeg\" alt=\"\u0130ZM\u0130R\">\n\t\t\t\t\t\t<\/a>\n\t\t\t\t\t\t<div class=\"content-item\" style=\"color:#\">\n\t\t\t\t\t\t<div class=\"item__title\">\u0130ZM\u0130R<\/div>\n\t\t\t\t\t\t\n\t\t\t\t\t\t<\/div>\n\t\t\t\t\t<\/div> <div class=\"tours_type_item\">\n\t\t\t\t\t\t<a href=\"https:\/\/barakatur.com\/?pa_sehirler=mugla\" title=\"MU\u011eLA\" class=\"tours-type__item__image\">\n\t\t\t\t\t\t\t<img decoding=\"async\" src=\"https:\/\/barakatur.com\/wp-content\/uploads\/2020\/07\/WhatsApp-Image-2019-02-01-at-18.20.35-2-370x370.jpeg\" alt=\"MU\u011eLA\">\n\t\t\t\t\t\t<\/a>\n\t\t\t\t\t\t<div class=\"content-item\" style=\"color:#\">\n\t\t\t\t\t\t<div class=\"item__title\">MU\u011eLA<\/div>\n\t\t\t\t\t\t\n\t\t\t\t\t\t<\/div>\n\t\t\t\t\t<\/div> <div class=\"tours_type_item\">\n\t\t\t\t\t\t<a href=\"https:\/\/barakatur.com\/?pa_sehirler=sehir\" title=\"NEV\u015eEH\u0130R\" class=\"tours-type__item__image\">\n\t\t\t\t\t\t\t<img decoding=\"async\" src=\"https:\/\/barakatur.com\/wp-content\/uploads\/2020\/07\/WhatsApp-Image-2019-01-03-at-10.06.49-1-370x370.jpeg\" alt=\"NEV\u015eEH\u0130R\">\n\t\t\t\t\t\t<\/a>\n\t\t\t\t\t\t<div class=\"content-item\" style=\"color:#\">\n\t\t\t\t\t\t<div class=\"item__title\">NEV\u015eEH\u0130R<\/div>\n\t\t\t\t\t\t\n\t\t\t\t\t\t<\/div>\n\t\t\t\t\t<\/div> <\/div><\/div>[vc_empty_space][\/vc_column][\/vc_row][vc_row full_width=&#8221;stretch_row&#8221; parallax=&#8221;content-moving-fade&#8221; css=&#8221;.vc_custom_1597088900729{background-image: url(https:\/\/barakatur.com\/wp-content\/uploads\/2020\/08\/91cydUm1b7L._SL1500_.jpg?id=1315) !important;background-position: 0 0;background-repeat:-repeat;}&#8221;][vc_column][vc_empty_space height=&#8221;30Px&#8221;][vc_row_inner][vc_column_inner width=&#8221;1\/4&#8243;]<div class=\"stats_counter text-center\" style=\"color:#dd9933\">\n\t\t\t\t<div class=\"wrapper-icon\">\n\t\t\t\t\t<i class=\"flaticon-airplane\"><\/i>\n\t\t\t\t<\/div>\n\t\t\t\t<div class=\"stats_counter_number\">94,532<\/div>\n\t\t\t\t<div class=\"stats_counter_title\">COSTEMER<\/div>\n\t\t\t<\/div>[\/vc_column_inner][vc_column_inner width=&#8221;1\/4&#8243;]<div class=\"stats_counter text-center\" style=\"color:#dd9933\">\n\t\t\t\t<div class=\"wrapper-icon\">\n\t\t\t\t\t<i class=\"flaticon-island\"><\/i>\n\t\t\t\t<\/div>\n\t\t\t\t<div class=\"stats_counter_number\">1021<\/div>\n\t\t\t\t<div class=\"stats_counter_title\">TOURS<\/div>\n\t\t\t<\/div>[\/vc_column_inner][vc_column_inner width=&#8221;1\/4&#8243;]<div class=\"stats_counter text-center\" style=\"color:#dd9933\">\n\t\t\t\t<div class=\"wrapper-icon\">\n\t\t\t\t\t<i class=\"flaticon-globe\"><\/i>\n\t\t\t\t<\/div>\n\t\t\t\t<div class=\"stats_counter_number\">20,096<\/div>\n\t\t\t\t<div class=\"stats_counter_title\">h3<\/div>\n\t\t\t<\/div>[\/vc_column_inner][vc_column_inner width=&#8221;1\/4&#8243;]<div class=\"stats_counter text-center\" style=\"color:#dd9933\">\n\t\t\t\t<div class=\"wrapper-icon\">\n\t\t\t\t\t<i class=\"flaticon-people\"><\/i>\n\t\t\t\t<\/div>\n\t\t\t\t<div class=\"stats_counter_number\">121<\/div>\n\t\t\t\t<div class=\"stats_counter_title\">TRAVEL TYPE<\/div>\n\t\t\t<\/div>[\/vc_column_inner][\/vc_row_inner][vc_empty_space][vc_empty_space][vc_empty_space][vc_column_text]<\/p>\n<p style=\"text-align: center;\"><a class=\"icon-btn\" href=\"https:\/\/barakatur.com\"><i class=\"flaticon-cart\">\u00a0<\/i> CALL ON<\/a><\/p>\n<p>[\/vc_column_text][vc_empty_space height=&#8221;60px&#8221;][\/vc_column][\/vc_row][vc_row][vc_column][vc_empty_space]<div class=\"shortcode_title shortcode-title-style_1\"><h3 class=\"title_primary\">OUR RECOMMENDED TOURS FOR YOU<\/h3><span class=\"line_after_title\"><\/span><\/div>[vc_empty_space]<div class=\"row wrapper-tours-slider\"><\/div>[vc_empty_space][\/vc_column][\/vc_row][vc_row full_width=&#8221;stretch_row&#8221; parallax=&#8221;content-moving&#8221; css=&#8221;.vc_custom_1597089376337{background-image: url(https:\/\/barakatur.com\/wp-content\/uploads\/2020\/07\/anantara-1.jpg?id=1214) !important;background-position: 0 0;background-repeat:-repeat;}&#8221;][vc_column width=&#8221;1\/6&#8243;][\/vc_column][vc_column width=&#8221;2\/3&#8243;] <div class=\"discounts-tour\"><h3 style=\"color:#ffffff\" class=\"discounts-title\"> Make a reservation without missing our discounted tour deals <span> %50 sale<\/span><\/h3><span class=\"line\" style=\"color:#ffffff\"><\/span><p  style=\"color:#ffffff\">Hurry up!<\/p><div class=\"row centered text-center deals-discounts\"  data-year=\"2020\" data-month=\"11\" data-date=\"12\" data-hour=\"0\" data-min=\"00\" data-sec=\"00\" data-gmt=\"0\" data-text=\"days,hours,minutes,seconds\"><\/div><div class=\"col-sm-12 text-center padding-top-2x\">\n\t\t\t\t<a href=\"www.barakatur.com\" class=\"icon-btn\">\n\t\t\t\t\t<i class=\"flaticon-airplane-4\"><\/i> GET TOUR\n\t\t\t\t<\/a>\n\t\t\t<\/div><\/div> [vc_empty_space height=&#8221;60px&#8221;][vc_empty_space height=&#8221;60px&#8221;][\/vc_column][vc_column width=&#8221;1\/6&#8243;][\/vc_column][\/vc_row]<\/p>\n","protected":false},"excerpt":{"rendered":"<p>Mattis interdum nunc massa. Velit. Nonummy penatibus luctus. Aliquam. Massa aptent senectus elementum taciti.Id sodales morbi felis eu mus auctor ullamcorper. Litora. In nostra tempus, habitant. Nam tristique.<br \/>\nFelis venenatis <\/p>\n","protected":false},"author":1,"featured_media":0,"parent":0,"menu_order":0,"comment_status":"closed","ping_status":"closed","template":"page-templates\/homepage.php","meta":{"footnotes":""},"class_list":["post-1197","page","type-page","status-publish","hentry"],"_links":{"self":[{"href":"https:\/\/barakatur.com\/index.php?rest_route=\/wp\/v2\/pages\/1197","targetHints":{"allow":["GET"]}}],"collection":[{"href":"https:\/\/barakatur.com\/index.php?rest_route=\/wp\/v2\/pages"}],"about":[{"href":"https:\/\/barakatur.com\/index.php?rest_route=\/wp\/v2\/types\/page"}],"author":[{"embeddable":true,"href":"https:\/\/barakatur.com\/index.php?rest_route=\/wp\/v2\/users\/1"}],"replies":[{"embeddable":true,"href":"https:\/\/barakatur.com\/index.php?rest_route=%2Fwp%2Fv2%2Fcomments&post=1197"}],"version-history":[{"count":23,"href":"https:\/\/barakatur.com\/index.php?rest_route=\/wp\/v2\/pages\/1197\/revisions"}],"predecessor-version":[{"id":1410,"href":"https:\/\/barakatur.com\/index.php?rest_route=\/wp\/v2\/pages\/1197\/revisions\/1410"}],"wp:attachment":[{"href":"https:\/\/barakatur.com\/index.php?rest_route=%2Fwp%2Fv2%2Fmedia&parent=1197"}],"curies":[{"name":"wp","href":"https:\/\/api.w.org\/{rel}","templated":true}]}}