{"id":1396,"date":"2020-08-10T14:16:35","date_gmt":"2020-08-10T14:16:35","guid":{"rendered":"https:\/\/barakatur.com\/?post_type=product&#038;p=1396"},"modified":"2026-03-26T10:37:21","modified_gmt":"2026-03-26T10:37:21","slug":"fame-tour","status":"publish","type":"product","link":"https:\/\/barakatur.com\/?product=fame-tour","title":{"rendered":"FAME TOUR"},"content":{"rendered":"<p>Aegean Region as a tourism potential comes from the Mediterranean region in Turkey after. There are many historical monuments, artifacts, ruins, historical places such as Ephesus, Didim, Pamukkale, Hiearpolis, Laodikeia and in addition to this, magnificent beaches such as Fethiye, Bodrum, Marmaris, Didim, Ku\u015fadas\u0131 and \u00c7e\u015fme, blue flag beaches and popular tourism and holiday areas.<\/p>\n<table class=\"tours-tabs_table\">\n<tbody>\n<tr>\n<td>TOUR MAP<\/td>\n<td>Bodrum, Ayd\u0131n, \u00c7e\u015fme, Alacat\u0131<\/td>\n<\/tr>\n<tr>\n<td><\/td>\n<td>Please be ready at the designated place 2 hours before departure.<\/td>\n<\/tr>\n<tr>\n<td>TOUR CONTENT<\/td>\n<td>\n<table>\n<tbody>\n<tr>\n<td><i class=\"fa fa-check icon-tick icon-tick--on\"><\/i>Travel Included<\/td>\n<td>Customer Satisfaction<\/td>\n<\/tr>\n<tr>\n<td><i class=\"fa fa-check icon-tick icon-tick--on\"><\/i>5 DAYS<\/td>\n<td>&nbsp;<\/p>\n<pre id=\"tw-target-text\" class=\"tw-data-text tw-text-large XcVN5d tw-ta\" dir=\"ltr\" data-placeholder=\"\u00c7eviri\"><span lang=\"en\">Professional Service<\/span><\/pre>\n<\/td>\n<\/tr>\n<\/tbody>\n<\/table>\n<\/td>\n<\/tr>\n<tr>\n<td>INCLUDING AN ADDITIONAL TOUR<\/td>\n<td>\n<table>\n<tbody>\n<tr>\n<td>&nbsp;<\/p>\n<pre id=\"tw-target-text\" class=\"tw-data-text tw-text-large XcVN5d tw-ta\" dir=\"ltr\" data-placeholder=\"\u00c7eviri\"><span lang=\"en\">Food and drinks outside the specified hours<\/span><\/pre>\n<\/td>\n<\/tr>\n<tr>\n<td><\/td>\n<\/tr>\n<\/tbody>\n<\/table>\n<\/td>\n<\/tr>\n<\/tbody>\n<\/table>\n<p>&nbsp;<\/p>\n","protected":false},"excerpt":{"rendered":"<p>Perfect Fame Tour<\/p>\n","protected":false},"featured_media":1313,"comment_status":"open","ping_status":"closed","template":"","meta":[],"class_list":{"0":"post-1396","1":"product","2":"type-product","3":"status-publish","4":"has-post-thumbnail","6":"product_cat-travel-eng","7":"pa_sehirler-aksaray","8":"pa_sehirler-bodrum","9":"pa_sehirler-izmir","10":"pa_sehirler-mugla","11":"tour_phys-eng","13":"first","14":"instock","15":"shipping-taxable","16":"product-type-simple"},"_links":{"self":[{"href":"https:\/\/barakatur.com\/index.php?rest_route=\/wp\/v2\/product\/1396","targetHints":{"allow":["GET"]}}],"collection":[{"href":"https:\/\/barakatur.com\/index.php?rest_route=\/wp\/v2\/product"}],"about":[{"href":"https:\/\/barakatur.com\/index.php?rest_route=\/wp\/v2\/types\/product"}],"replies":[{"embeddable":true,"href":"https:\/\/barakatur.com\/index.php?rest_route=%2Fwp%2Fv2%2Fcomments&post=1396"}],"wp:featuredmedia":[{"embeddable":true,"href":"https:\/\/barakatur.com\/index.php?rest_route=\/wp\/v2\/media\/1313"}],"wp:attachment":[{"href":"https:\/\/barakatur.com\/index.php?rest_route=%2Fwp%2Fv2%2Fmedia&parent=1396"}],"curies":[{"name":"wp","href":"https:\/\/api.w.org\/{rel}","templated":true}]}}